{"id":4228,"date":"2023-09-04T20:39:03","date_gmt":"2023-09-04T18:39:03","guid":{"rendered":"https:\/\/localhost\/3skalky2\/lokalita\/"},"modified":"2026-03-07T13:21:04","modified_gmt":"2026-03-07T12:21:04","slug":"location","status":"publish","type":"page","link":"https:\/\/www.chatatriskalky.sk\/en\/location\/","title":{"rendered":"Location"},"content":{"rendered":"\t\t<div data-elementor-type=\"wp-page\" data-elementor-id=\"4228\" class=\"elementor elementor-4228 elementor-1064\">\n\t\t\t\t\t\t<section class=\"elementor-section elementor-top-section elementor-element elementor-element-2230d58c elementor-section-height-min-height elementor-section-boxed elementor-section-height-default elementor-section-items-middle\" data-id=\"2230d58c\" data-element_type=\"section\" data-e-type=\"section\" data-settings=\"{&quot;background_background&quot;:&quot;classic&quot;,&quot;shape_divider_bottom&quot;:&quot;mountains&quot;}\">\n\t\t\t\t\t\t\t<div class=\"elementor-background-overlay\"><\/div>\n\t\t\t\t\t\t<div class=\"elementor-shape elementor-shape-bottom\" aria-hidden=\"true\" data-negative=\"false\">\n\t\t\t<svg xmlns=\"http:\/\/www.w3.org\/2000\/svg\" viewBox=\"0 0 1000 100\" preserveAspectRatio=\"none\">\n\t<path class=\"elementor-shape-fill\" opacity=\"0.33\" d=\"M473,67.3c-203.9,88.3-263.1-34-320.3,0C66,119.1,0,59.7,0,59.7V0h1000v59.7 c0,0-62.1,26.1-94.9,29.3c-32.8,3.3-62.8-12.3-75.8-22.1C806,49.6,745.3,8.7,694.9,4.7S492.4,59,473,67.3z\"\/>\n\t<path class=\"elementor-shape-fill\" opacity=\"0.66\" d=\"M734,67.3c-45.5,0-77.2-23.2-129.1-39.1c-28.6-8.7-150.3-10.1-254,39.1 s-91.7-34.4-149.2,0C115.7,118.3,0,39.8,0,39.8V0h1000v36.5c0,0-28.2-18.5-92.1-18.5C810.2,18.1,775.7,67.3,734,67.3z\"\/>\n\t<path class=\"elementor-shape-fill\" d=\"M766.1,28.9c-200-57.5-266,65.5-395.1,19.5C242,1.8,242,5.4,184.8,20.6C128,35.8,132.3,44.9,89.9,52.5C28.6,63.7,0,0,0,0 h1000c0,0-9.9,40.9-83.6,48.1S829.6,47,766.1,28.9z\"\/>\n<\/svg>\t\t<\/div>\n\t\t\t\t\t<div class=\"elementor-container elementor-column-gap-default\">\n\t\t\t\t\t<div class=\"elementor-column elementor-col-100 elementor-top-column elementor-element elementor-element-4a8aa24c\" data-id=\"4a8aa24c\" data-element_type=\"column\" data-e-type=\"column\">\n\t\t\t<div class=\"elementor-widget-wrap elementor-element-populated\">\n\t\t\t\t\t\t<div class=\"elementor-element elementor-element-3b590ed elementor-view-default elementor-position-top elementor-widget elementor-widget-themo-header\" data-id=\"3b590ed\" data-element_type=\"widget\" data-e-type=\"widget\" data-widget_type=\"themo-header.default\">\n\t\t\t\t<div class=\"elementor-widget-container\">\n\t\t\t\t\t\t\t<div class=\"th-header-wrap\">\n        <div class=\"elementor-icon-box-wrapper \">\n                            <div class=\"elementor-icon-box-content\">\n                    <h1 class=\"elementor-icon-box-title\">\n                        Location                    <\/h1>\n                                        <p class=\"elementor-icon-box-description\">The mountain cabin 3 ROCKS is located right in the heart of Slovak Paradise National Park (Slovensk\u00fd raj), in the popular tourist area of \u010cingov, from where many well-known hiking trails begin.<\/p>\n\n                                    <\/div>\n            <\/div>\n\n        <\/div>\n\n\t\t\t\t\t\t<\/div>\n\t\t\t\t<\/div>\n\t\t\t\t<div class=\"elementor-element elementor-element-127bd3a elementor-widget elementor-widget-themo-mphb-booking-form\" data-id=\"127bd3a\" data-element_type=\"widget\" data-e-type=\"widget\" data-widget_type=\"themo-mphb-booking-form.default\">\n\t\t\t\t<div class=\"elementor-widget-container\">\n\t\t\t\t\t                <div class=\"th-fo-form  th-centered th-conversion  th-btn-form btn-standard-accent-form\"><div class=\"mphb_sc_booking_form-wrapper frm_forms with_frm_style is-direct-booking \">\t<form method=\"POST\" action=\"https:\/\/www.chatatriskalky.sk\/en\/checkout\/\" class=\"mphb-booking-form mphb-booking-form--direct-booking\" id=\"booking-form-4377\" data-first_available_check_in_date=\"2026-04-21\">\n\n\t\t<p class=\"mphb-required-fields-tip\"><small>Required fields are followed by <abbr title=\"required\">*<\/abbr><\/small><\/p>\n\t\t<input type=\"hidden\" id=\"mphb-checkout-nonce\" name=\"mphb-checkout-nonce\" value=\"81770dca15\" \/><input type=\"hidden\" name=\"_wp_http_referer\" value=\"\/en\/wp-json\/wp\/v2\/pages\/4228\" \/>\t\t\t\t<input type=\"hidden\" name=\"mphb_room_type_id\" value=\"4377\" \/>\n\t\t<p class=\"mphb-check-in-date-wrapper frm_form_field\">\n\t\t\t<label for=\"mphb_check_in_date-69e4e2321a84d\">\n\t\t\t\tCheck-in Date\t\t\t\t<abbr title=\"Formatted as dd\/mm\/yyyy\">*<\/abbr>\n\t\t\t<\/label>\n\t\t\t<br \/>\n\t\t\t<input id=\"mphb_check_in_date-69e4e2321a84d\" type=\"text\" class=\"mphb-datepick\" value=\"\" required=\"required\" autocomplete=\"off\" placeholder=\"Check-in Date\" inputmode=\"none\" \/>\n\t\t\t<input id=\"mphb_check_in_date-69e4e2321a84d-hidden\" type=\"hidden\" name=\"mphb_check_in_date\" value=\"\" \/>\n\t\t<\/p>\n\t\t<p class=\"mphb-check-out-date-wrapper frm_form_field\">\n\t\t\t<label for=\"mphb_check_out_date-69e4e2321a84d\">\n\t\t\t\tCheck-out Date\t\t\t\t<abbr title=\"Formatted as dd\/mm\/yyyy\">*<\/abbr>\n\t\t\t<\/label>\n\t\t\t<br \/>\n\t\t\t<input id=\"mphb_check_out_date-69e4e2321a84d\" type=\"text\" class=\"mphb-datepick\" value=\"\" required=\"required\" autocomplete=\"off\" placeholder=\"Check-out Date\" inputmode=\"none\" \/>\n\t\t\t<input id=\"mphb_check_out_date-69e4e2321a84d-hidden\" type=\"hidden\" name=\"mphb_check_out_date\" value=\"\" \/>\n\t\t<\/p>\n\t\t\t\t\t\t\t<div class=\"mphb-reserve-room-section frm_submit mphb-hide\">\n\t\t\t\t<p class=\"mphb-rooms-quantity-wrapper mphb-rooms-quantity-multiple mphb-hide\">\n\t\t\t\tReserve <select class=\"mphb-rooms-quantity\" id=\"mphb-rooms-quantity-4377\" name=\"mphb_rooms_details[4377]\"><option value=\"1\" selected=\"selected\">1<\/option><\/select> of <span class=\"mphb-available-rooms-count\">1<\/span> available accommodations.\t\t\t\t<\/p>\n\t\t\t\t<p class=\"mphb-rooms-quantity-wrapper mphb-rooms-quantity-single mphb-hide\">\n\t\t\t\t\tMountain Cabin 3 ROCKS is available for selected dates.\t\t\t\t<\/p>\n\t\t\t\t\t\t\t\t\t<p class=\"mphb-period-price mphb-regular-price mphb-hide\">\n\t\t\t\t\t\t<strong>Prices start at:<\/strong>\n\t\t\t\t\t<\/p>\n\t\t\t\t\t\t\t\t<input type=\"hidden\" name=\"mphb_is_direct_booking\" value=\"1\" \/>\n\t\t\t\t<input class=\"button mphb-button mphb-confirm-reservation\" type=\"submit\" value=\"Confirm Reservation\" \/>\n\t\t\t<\/div>\n\t\t\n\t\t<div class=\"mphb-errors-wrapper mphb-hide\"><\/div>\n\t\t<p class=\"mphb-reserve-btn-wrapper frm_submit\">\n\t\t\t<input class=\"mphb-reserve-btn button\" type=\"submit\" value=\"Book your stay\" \/>\n\t\t<\/p>\n\t<\/form>\n\t<\/div><\/div>\n                \t\t\t\t<\/div>\n\t\t\t\t<\/div>\n\t\t\t\t\t<\/div>\n\t\t<\/div>\n\t\t\t\t\t<\/div>\n\t\t<\/section>\n\t\t\t\t<section class=\"elementor-section elementor-top-section elementor-element elementor-element-27f8092 elementor-section-content-top elementor-section-boxed elementor-section-height-default elementor-section-height-default\" data-id=\"27f8092\" data-element_type=\"section\" data-e-type=\"section\">\n\t\t\t\t\t\t<div class=\"elementor-container elementor-column-gap-default\">\n\t\t\t\t\t<div class=\"elementor-column elementor-col-50 elementor-top-column elementor-element elementor-element-f2adfca\" data-id=\"f2adfca\" data-element_type=\"column\" data-e-type=\"column\">\n\t\t\t<div class=\"elementor-widget-wrap elementor-element-populated\">\n\t\t\t\t\t\t<div class=\"elementor-element elementor-element-01062b5 elementor-widget elementor-widget-image\" data-id=\"01062b5\" data-element_type=\"widget\" data-e-type=\"widget\" data-widget_type=\"image.default\">\n\t\t\t\t<div class=\"elementor-widget-container\">\n\t\t\t\t\t\t\t\t\t\t\t\t\t\t\t<img fetchpriority=\"high\" decoding=\"async\" width=\"1024\" height=\"683\" src=\"https:\/\/www.chatatriskalky.sk\/wp-content\/uploads\/2023\/09\/lokalita-1-2.jpg\" class=\"attachment-large size-large wp-image-3991\" alt=\"\" srcset=\"https:\/\/www.chatatriskalky.sk\/wp-content\/uploads\/2023\/09\/lokalita-1-2.jpg 1024w, https:\/\/www.chatatriskalky.sk\/wp-content\/uploads\/2023\/09\/lokalita-1-2-300x200.jpg 300w, https:\/\/www.chatatriskalky.sk\/wp-content\/uploads\/2023\/09\/lokalita-1-2-768x512.jpg 768w, https:\/\/www.chatatriskalky.sk\/wp-content\/uploads\/2023\/09\/lokalita-1-2-120x80.jpg 120w, https:\/\/www.chatatriskalky.sk\/wp-content\/uploads\/2023\/09\/lokalita-1-2-394x263.jpg 394w, https:\/\/www.chatatriskalky.sk\/wp-content\/uploads\/2023\/09\/lokalita-1-2-915x610.jpg 915w, https:\/\/www.chatatriskalky.sk\/wp-content\/uploads\/2023\/09\/lokalita-1-2-63x42.jpg 63w\" sizes=\"(max-width: 1024px) 100vw, 1024px\" \/>\t\t\t\t\t\t\t\t\t\t\t\t\t\t\t<\/div>\n\t\t\t\t<\/div>\n\t\t\t\t\t<\/div>\n\t\t<\/div>\n\t\t\t\t<div class=\"elementor-column elementor-col-50 elementor-top-column elementor-element elementor-element-4b52d65\" data-id=\"4b52d65\" data-element_type=\"column\" data-e-type=\"column\">\n\t\t\t<div class=\"elementor-widget-wrap elementor-element-populated\">\n\t\t\t\t\t\t<div class=\"elementor-element elementor-element-f5c4d8f elementor-view-default elementor-position-top elementor-widget elementor-widget-themo-header\" data-id=\"f5c4d8f\" data-element_type=\"widget\" data-e-type=\"widget\" data-widget_type=\"themo-header.default\">\n\t\t\t\t<div class=\"elementor-widget-container\">\n\t\t\t\t\t\t\t<div class=\"th-header-wrap\">\n        <div class=\"elementor-icon-box-wrapper \">\n                            <div class=\"elementor-icon-box-content\">\n                    <h2 class=\"elementor-icon-box-title\">\n                        WELCOME TO <span>SLOVAK PARADISE<\/span>                    <\/h2>\n                                            <span class=\"th-header-divider\"><\/span>\n                                        <p class=\"elementor-icon-box-description\">Slovak Paradise National Park is one of the most beautiful natural areas in Slovakia. It offers up to 300 km of marked hiking trails, ranging from easy walks to challenging routes leading through canyons and gorges, featuring ladders, footholds, and stunning waterfalls for the most physically fit adventurers. One of the most famous trails is the highly popular Kyse\u013e Gorge, which can only be accessed with via ferrata equipment. Another unforgettable experience is rafting on the Horn\u00e1d River. Cycling enthusiasts will also find plenty to enjoy, with marked cycling routes throughout the National Park.<\/p>\n\n                                    <\/div>\n            <\/div>\n\n        <\/div>\n\n\t\t\t\t\t\t<\/div>\n\t\t\t\t<\/div>\n\t\t\t\t\t<\/div>\n\t\t<\/div>\n\t\t\t\t\t<\/div>\n\t\t<\/section>\n\t\t\t\t<section class=\"elementor-section elementor-top-section elementor-element elementor-element-db982fb elementor-section-content-middle elementor-section-boxed elementor-section-height-default elementor-section-height-default\" data-id=\"db982fb\" data-element_type=\"section\" data-e-type=\"section\" data-settings=\"{&quot;background_background&quot;:&quot;classic&quot;,&quot;shape_divider_bottom&quot;:&quot;mountains&quot;}\">\n\t\t\t\t\t<div class=\"elementor-shape elementor-shape-bottom\" aria-hidden=\"true\" data-negative=\"false\">\n\t\t\t<svg xmlns=\"http:\/\/www.w3.org\/2000\/svg\" viewBox=\"0 0 1000 100\" preserveAspectRatio=\"none\">\n\t<path class=\"elementor-shape-fill\" opacity=\"0.33\" d=\"M473,67.3c-203.9,88.3-263.1-34-320.3,0C66,119.1,0,59.7,0,59.7V0h1000v59.7 c0,0-62.1,26.1-94.9,29.3c-32.8,3.3-62.8-12.3-75.8-22.1C806,49.6,745.3,8.7,694.9,4.7S492.4,59,473,67.3z\"\/>\n\t<path class=\"elementor-shape-fill\" opacity=\"0.66\" d=\"M734,67.3c-45.5,0-77.2-23.2-129.1-39.1c-28.6-8.7-150.3-10.1-254,39.1 s-91.7-34.4-149.2,0C115.7,118.3,0,39.8,0,39.8V0h1000v36.5c0,0-28.2-18.5-92.1-18.5C810.2,18.1,775.7,67.3,734,67.3z\"\/>\n\t<path class=\"elementor-shape-fill\" d=\"M766.1,28.9c-200-57.5-266,65.5-395.1,19.5C242,1.8,242,5.4,184.8,20.6C128,35.8,132.3,44.9,89.9,52.5C28.6,63.7,0,0,0,0 h1000c0,0-9.9,40.9-83.6,48.1S829.6,47,766.1,28.9z\"\/>\n<\/svg>\t\t<\/div>\n\t\t\t\t\t<div class=\"elementor-container elementor-column-gap-default\">\n\t\t\t\t\t<div class=\"elementor-column elementor-col-50 elementor-top-column elementor-element elementor-element-c966f5b\" data-id=\"c966f5b\" data-element_type=\"column\" data-e-type=\"column\">\n\t\t\t<div class=\"elementor-widget-wrap elementor-element-populated\">\n\t\t\t\t\t\t<div class=\"elementor-element elementor-element-6ca67fe elementor-view-default elementor-position-top elementor-widget elementor-widget-themo-header\" data-id=\"6ca67fe\" data-element_type=\"widget\" data-e-type=\"widget\" data-widget_type=\"themo-header.default\">\n\t\t\t\t<div class=\"elementor-widget-container\">\n\t\t\t\t\t\t\t<div class=\"th-header-wrap\">\n        <div class=\"elementor-icon-box-wrapper \">\n                            <div class=\"elementor-icon-box-content\">\n                    <h2 class=\"elementor-icon-box-title\">\n                        THE TRAIL TO <span>\"THREE ROCKS\"<\/span>                    <\/h2>\n                                            <span class=\"th-header-divider\"><\/span>\n                                        <p class=\"elementor-icon-box-description\">One of our favorite routes in the past was a walk to a place known by locals as \"Three rocks\" (\"Tri Skalky\" in Slovak), after which we named our cottage. This spot brings back memories of carefree childhood days and weekends spent with our loved ones.<\/p>\n\n                                    <\/div>\n            <\/div>\n\n        <\/div>\n\n\t\t\t\t\t\t<\/div>\n\t\t\t\t<\/div>\n\t\t\t\t\t<\/div>\n\t\t<\/div>\n\t\t\t\t<div class=\"elementor-column elementor-col-50 elementor-top-column elementor-element elementor-element-1b1d3bf\" data-id=\"1b1d3bf\" data-element_type=\"column\" data-e-type=\"column\">\n\t\t\t<div class=\"elementor-widget-wrap elementor-element-populated\">\n\t\t\t\t\t\t<div class=\"elementor-element elementor-element-a80e6c4 elementor-widget elementor-widget-image\" data-id=\"a80e6c4\" data-element_type=\"widget\" data-e-type=\"widget\" data-widget_type=\"image.default\">\n\t\t\t\t<div class=\"elementor-widget-container\">\n\t\t\t\t\t\t\t\t\t\t\t\t\t\t\t<img decoding=\"async\" width=\"1024\" height=\"683\" src=\"https:\/\/www.chatatriskalky.sk\/wp-content\/uploads\/2023\/09\/68-galeria.jpg\" class=\"attachment-large size-large wp-image-3958\" alt=\"\" srcset=\"https:\/\/www.chatatriskalky.sk\/wp-content\/uploads\/2023\/09\/68-galeria.jpg 1024w, https:\/\/www.chatatriskalky.sk\/wp-content\/uploads\/2023\/09\/68-galeria-300x200.jpg 300w, https:\/\/www.chatatriskalky.sk\/wp-content\/uploads\/2023\/09\/68-galeria-768x512.jpg 768w, https:\/\/www.chatatriskalky.sk\/wp-content\/uploads\/2023\/09\/68-galeria-120x80.jpg 120w, https:\/\/www.chatatriskalky.sk\/wp-content\/uploads\/2023\/09\/68-galeria-394x263.jpg 394w, https:\/\/www.chatatriskalky.sk\/wp-content\/uploads\/2023\/09\/68-galeria-915x610.jpg 915w, https:\/\/www.chatatriskalky.sk\/wp-content\/uploads\/2023\/09\/68-galeria-63x42.jpg 63w\" sizes=\"(max-width: 1024px) 100vw, 1024px\" \/>\t\t\t\t\t\t\t\t\t\t\t\t\t\t\t<\/div>\n\t\t\t\t<\/div>\n\t\t\t\t\t<\/div>\n\t\t<\/div>\n\t\t\t\t\t<\/div>\n\t\t<\/section>\n\t\t<div class=\"elementor-element elementor-element-9755576 e-flex e-con-boxed e-con e-parent\" data-id=\"9755576\" data-element_type=\"container\" data-e-type=\"container\">\n\t\t\t\t\t<div class=\"e-con-inner\">\n\t\t\t\t<div class=\"elementor-element elementor-element-07b191e elementor-position-left elementor-view-default elementor-widget elementor-widget-themo-header\" data-id=\"07b191e\" data-element_type=\"widget\" data-e-type=\"widget\" data-widget_type=\"themo-header.default\">\n\t\t\t\t<div class=\"elementor-widget-container\">\n\t\t\t\t\t\t\t<div class=\"th-header-wrap\">\n        <div class=\"elementor-icon-box-wrapper th-show-icon\">\n                            <div class=\"elementor-icon-box-icon th-icon-size-lg\">\n                    <span class=\"elementor-icon \">\n                        <i aria-hidden=\"true\" class=\"fas fa-info\"><\/i>                    <\/span>\n                <\/div>\n                                <div class=\"elementor-icon-box-content\">\n                    <h3 class=\"elementor-icon-box-title\">\n                        Important                    <\/h3>\n                                        <p class=\"elementor-icon-box-description\">If you\u2019re planning to go hiking, be sure to bring waterproof hiking boots, a raincoat, and insect repellent. Additionally, it\u2019s wise to purchase a commercial mountain insurance in advance, which will cover costs related to unexpected events and injuries. More information here: <a href=\"https:\/\/hzs.sk\/poistenie\/\" target=\"_blank\" rel=\"noopener noreferrer\">HZS poistenie<\/a>. Always remember that in the National Park, it is forbidden to move, camp, or bivouac outside of the marked hiking trails and designated areas. Passing through the ravines is allowed only upwards, i.e., against the flow of the stream. Majority of hiking trails, ravines, and cycling routes are open year-round.\n<\/p>\n\n                                    <\/div>\n            <\/div>\n\n        <\/div>\n\n\t\t\t\t\t\t<\/div>\n\t\t\t\t<\/div>\n\t\t\t\t\t<\/div>\n\t\t\t\t<\/div>\n\t\t\t\t<section class=\"elementor-section elementor-top-section elementor-element elementor-element-461ec984 elementor-section-boxed elementor-section-height-default elementor-section-height-default\" data-id=\"461ec984\" data-element_type=\"section\" data-e-type=\"section\" data-settings=\"{&quot;background_background&quot;:&quot;classic&quot;}\">\n\t\t\t\t\t\t<div class=\"elementor-container elementor-column-gap-no\">\n\t\t\t\t\t<div class=\"elementor-column elementor-col-100 elementor-top-column elementor-element elementor-element-4d1d8f4\" data-id=\"4d1d8f4\" data-element_type=\"column\" data-e-type=\"column\" data-settings=\"{&quot;background_background&quot;:&quot;classic&quot;}\">\n\t\t\t<div class=\"elementor-widget-wrap elementor-element-populated\">\n\t\t\t\t\t\t<section class=\"elementor-section elementor-inner-section elementor-element elementor-element-62f21874 elementor-section-full_width elementor-section-height-default elementor-section-height-default\" data-id=\"62f21874\" data-element_type=\"section\" data-e-type=\"section\">\n\t\t\t\t\t\t<div class=\"elementor-container elementor-column-gap-no\">\n\t\t\t\t\t<div class=\"elementor-column elementor-col-50 elementor-inner-column elementor-element elementor-element-6de871e8\" data-id=\"6de871e8\" data-element_type=\"column\" data-e-type=\"column\">\n\t\t\t<div class=\"elementor-widget-wrap elementor-element-populated\">\n\t\t\t\t\t\t<div class=\"elementor-element elementor-element-8d3e20d elementor-widget-divider--view-line elementor-widget elementor-widget-divider\" data-id=\"8d3e20d\" data-element_type=\"widget\" data-e-type=\"widget\" data-widget_type=\"divider.default\">\n\t\t\t\t<div class=\"elementor-widget-container\">\n\t\t\t\t\t\t\t<div class=\"elementor-divider\">\n\t\t\t<span class=\"elementor-divider-separator\">\n\t\t\t\t\t\t<\/span>\n\t\t<\/div>\n\t\t\t\t\t\t<\/div>\n\t\t\t\t<\/div>\n\t\t\t\t\t<\/div>\n\t\t<\/div>\n\t\t\t\t<div class=\"elementor-column elementor-col-50 elementor-inner-column elementor-element elementor-element-51ffe613\" data-id=\"51ffe613\" data-element_type=\"column\" data-e-type=\"column\">\n\t\t\t<div class=\"elementor-widget-wrap elementor-element-populated\">\n\t\t\t\t\t\t<div class=\"elementor-element elementor-element-64c07d28 elementor-widget elementor-widget-heading\" data-id=\"64c07d28\" data-element_type=\"widget\" data-e-type=\"widget\" data-widget_type=\"heading.default\">\n\t\t\t\t<div class=\"elementor-widget-container\">\n\t\t\t\t\t<h2 class=\"elementor-heading-title elementor-size-default\">Questions?<\/h2>\t\t\t\t<\/div>\n\t\t\t\t<\/div>\n\t\t\t\t<div class=\"elementor-element elementor-element-5796e74a elementor-widget elementor-widget-text-editor\" data-id=\"5796e74a\" data-element_type=\"widget\" data-e-type=\"widget\" data-widget_type=\"text-editor.default\">\n\t\t\t\t<div class=\"elementor-widget-container\">\n\t\t\t\t\t\t\t\t\t<p>If you have any questions, feel free to reach out to us! The door of our cabin is open to all good-hearted people.<\/p>\t\t\t\t\t\t\t\t<\/div>\n\t\t\t\t<\/div>\n\t\t\t\t<div class=\"elementor-element elementor-element-29d8632f elementor-widget elementor-widget-themo-formidable-form\" data-id=\"29d8632f\" data-element_type=\"widget\" data-e-type=\"widget\" data-widget_type=\"themo-formidable-form.default\">\n\t\t\t\t<div class=\"elementor-widget-container\">\n\t\t\t\t\t            <div class=\"th-fo-form  th-left th-form-default  th-btn-form btn-standard-dark-form\"><link rel='stylesheet' id='formidable-css' href='https:\/\/www.chatatriskalky.sk\/wp-content\/plugins\/formidable\/css\/formidableforms.css?ver=3181727' type='text\/css' media='all' \/>\n<div class=\"frm_forms  with_frm_style frm_style_formidable-style\" id=\"frm_form_10_container\" >\n<form enctype=\"multipart\/form-data\" method=\"post\" class=\"frm-show-form \" id=\"form_kontakt-podstranky-en\" >\n<div class=\"frm_form_fields \">\n<fieldset>\n\r\n<div class=\"frm_fields_container\">\n<input type=\"hidden\" name=\"frm_action\" value=\"create\" \/>\n<input type=\"hidden\" name=\"form_id\" value=\"10\" \/>\n<input type=\"hidden\" name=\"frm_hide_fields_10\" id=\"frm_hide_fields_10\" value=\"\" \/>\n<input type=\"hidden\" name=\"form_key\" value=\"kontakt-podstranky-en\" \/>\n<input type=\"hidden\" name=\"item_meta[0]\" value=\"\" \/>\n<input type=\"hidden\" id=\"frm_submit_entry_10\" name=\"frm_submit_entry_10\" value=\"abfaf32080\" \/><input type=\"hidden\" name=\"_wp_http_referer\" value=\"\/en\/wp-json\/wp\/v2\/pages\/4228\" \/><div id=\"frm_field_50_container\" class=\"frm_form_field form-field  frm_required_field frm_none_container frm_full\">\r\n    <label for=\"field_r3pr0d2\" class=\"frm_primary_label\">Name\r\n        <span class=\"frm_required\">*<\/span>\r\n    <\/label>\r\n    <input type=\"text\" id=\"field_r3pr0d2\" name=\"item_meta[50]\" value=\"\"  placeholder=\"Name\" data-reqmsg=\"Toto pole nem\u00f4\u017ee by\u0165 pr\u00e1zdne.\" aria-required=\"true\" data-invmsg=\"Name is invalid\" aria-invalid=\"false\"  \/>\r\n    \r\n    \r\n<\/div>\n<div id=\"frm_field_51_container\" class=\"frm_form_field form-field  frm_required_field frm_none_container frm_full\">\r\n    <label for=\"field_29yf4d3\" class=\"frm_primary_label\">E-mail\r\n        <span class=\"frm_required\">*<\/span>\r\n    <\/label>\r\n    <input type=\"text\" id=\"field_29yf4d3\" name=\"item_meta[51]\" value=\"\"  placeholder=\"E-mail\" data-reqmsg=\"Toto pole nem\u00f4\u017ee by\u0165 pr\u00e1zdne.\" aria-required=\"true\" data-invmsg=\"Email is invalid\" aria-invalid=\"false\"  \/>\r\n    \r\n    \r\n<\/div>\n<div id=\"frm_field_52_container\" class=\"frm_form_field form-field  frm_required_field frm_none_container frm_full\">\r\n    <label for=\"field_ayc852\" id=\"field_ayc852_label\" class=\"frm_primary_label\">Telephone\r\n        <span class=\"frm_required\" aria-hidden=\"true\">*<\/span>\r\n    <\/label>\r\n    <input type=\"tel\" id=\"field_ayc852\" name=\"item_meta[52]\" value=\"\"  placeholder=\"Telephone\" data-reqmsg=\"Toto pole nem\u00f4\u017ee by\u0165 pr\u00e1zdne.\" aria-required=\"true\" data-invmsg=\"Form\u00e1t \u010d\u00edsla je nespr\u00e1vny.\" aria-invalid=\"false\" pattern=\"((\\+\\d{1,3}(-|.| )?\\(?\\d\\)?(-| |.)?\\d{1,5})|(\\(?\\d{2,6}\\)?))(-|.| )?(\\d{3,4})(-|.| )?(\\d{4})(( x| ext)\\d{1,5}){0,1}$\"  \/>\r\n    \r\n    \r\n<\/div>\n<div id=\"frm_field_53_container\" class=\"frm_form_field form-field  frm_required_field frm_none_container frm_full\">\r\n    <label for=\"field_9jv0r13\" class=\"frm_primary_label\">Message\r\n        <span class=\"frm_required\">*<\/span>\r\n    <\/label>\r\n    <textarea name=\"item_meta[53]\" id=\"field_9jv0r13\" rows=\"5\"  placeholder=\"Message\" data-reqmsg=\"Message cannot be blank.\" aria-required=\"true\" data-invmsg=\"Message is invalid\" aria-invalid=\"false\"  ><\/textarea>\r\n    \r\n    \r\n<\/div>\n<div id=\"frm_field_54_container\" class=\"frm_form_field form-field  frm_none_container\">\r\n    <label for=\"g-recaptcha-response\" id=\"field_hy3ie2_label\" class=\"frm_primary_label\">Captcha\r\n        <span class=\"frm_required\" aria-hidden=\"true\"><\/span>\r\n    <\/label>\r\n    <div  id=\"field_hy3ie2\" class=\"frm-g-recaptcha\" data-sitekey=\"6LcvFjIoAAAAAG51JMggQDLEHLd3n3Mz7DQJ6YDU\" data-size=\"normal\" data-theme=\"light\"><\/div>\r\n    \r\n    \r\n<\/div>\n<div id=\"frm_field_55_container\" class=\"frm_form_field form-field \">\r\n\t<div class=\"frm_submit\">\r\n\r\n<input type=\"submit\" value=\"Send\"  \/>\r\n<img decoding=\"async\" class=\"frm_ajax_loading\" src=\"https:\/\/www.chatatriskalky.sk\/wp-content\/plugins\/formidable\/images\/ajax_loader.gif\" alt=\"Sending\" style=\"visibility:hidden;\" \/>\r\n\r\n<\/div>\r\n<\/div>\n\t<input type=\"hidden\" name=\"item_key\" value=\"\" \/>\n\t\t\t<div id=\"frm_field_57_container\">\n\t\t\t<label for=\"field_yft6j\" >\n\t\t\t\tIf you are human, leave this field blank.\t\t\t<\/label>\n\t\t\t<input  id=\"field_yft6j\" type=\"text\" class=\"frm_form_field form-field frm_verify\" name=\"item_meta[57]\" value=\"\"  \/>\n\t\t<\/div>\n\t\t<input name=\"frm_state\" type=\"hidden\" value=\"KumWIu3\/cHEhuFQt9AjjfaHP3N6AJ4MAqBJkUtMyZLo=\" \/><\/div>\n<\/fieldset>\n<\/div>\n\n<\/form>\n<\/div>\n<\/div>\n            \t\t\t\t<\/div>\n\t\t\t\t<\/div>\n\t\t\t\t\t<\/div>\n\t\t<\/div>\n\t\t\t\t\t<\/div>\n\t\t<\/section>\n\t\t\t\t\t<\/div>\n\t\t<\/div>\n\t\t\t\t\t<\/div>\n\t\t<\/section>\n\t\t\t\t<\/div>\n\t\t","protected":false},"excerpt":{"rendered":"<p>Location The mountain cabin 3 ROCKS is located right in the heart of Slovak Paradise National Park (Slovensk\u00fd raj), in the popular tourist area of \u010cingov, from where many well-known hiking trails begin. WELCOME TO SLOVAK PARADISE Slovak Paradise National &hellip; <a href=\"https:\/\/www.chatatriskalky.sk\/en\/location\/\">Read More<\/a><\/p>\n","protected":false},"author":1,"featured_media":0,"parent":0,"menu_order":6,"comment_status":"closed","ping_status":"closed","template":"","meta":{"footnotes":""},"class_list":["post-4228","page","type-page","status-publish","hentry"],"_links":{"self":[{"href":"https:\/\/www.chatatriskalky.sk\/en\/wp-json\/wp\/v2\/pages\/4228","targetHints":{"allow":["GET"]}}],"collection":[{"href":"https:\/\/www.chatatriskalky.sk\/en\/wp-json\/wp\/v2\/pages"}],"about":[{"href":"https:\/\/www.chatatriskalky.sk\/en\/wp-json\/wp\/v2\/types\/page"}],"author":[{"embeddable":true,"href":"https:\/\/www.chatatriskalky.sk\/en\/wp-json\/wp\/v2\/users\/1"}],"replies":[{"embeddable":true,"href":"https:\/\/www.chatatriskalky.sk\/en\/wp-json\/wp\/v2\/comments?post=4228"}],"version-history":[{"count":0,"href":"https:\/\/www.chatatriskalky.sk\/en\/wp-json\/wp\/v2\/pages\/4228\/revisions"}],"wp:attachment":[{"href":"https:\/\/www.chatatriskalky.sk\/en\/wp-json\/wp\/v2\/media?parent=4228"}],"curies":[{"name":"wp","href":"https:\/\/api.w.org\/{rel}","templated":true}]}}